{"id":431,"date":"2021-11-28T20:19:48","date_gmt":"2021-11-28T19:19:48","guid":{"rendered":"https:\/\/dechhandels.com\/?page_id=431"},"modified":"2021-12-08T11:47:12","modified_gmt":"2021-12-08T10:47:12","slug":"imprint","status":"publish","type":"page","link":"https:\/\/dechhandels.com\/cn\/imprint\/","title":{"rendered":"Imprint"},"content":{"rendered":"<p>DECH Handels GmbH<br>W\u00fcrzburger Str. 8<br>30880 Laatzen<br>Deutschland<\/p>\n\n\n\n<p>Tel.: 015147758194<br>E-Mail: info@dech-handels.de<\/p>\n\n\n\n<p>Registergericht: Amtsgericht Hannover<br>Registernummer: HRB 218296<\/p>\n\n\n\n<p>Gesch\u00e4ftsf\u00fchrer: Yuanguo Zheng<\/p>\n\n\n\n<p>Umsatzsteuer-Identifikationsnummer gem\u00e4\u00df \u00a7 27 a Umsatzsteuergesetz: DE323834441<\/p>\n\n\n\n<p>Plattform der EU-Kommission zur Online-Streitbeilegung:&nbsp;<a target=\"_blank\" href=\"https:\/\/ec.europa.eu\/odr\" rel=\"noreferrer noopener\">https:\/\/ec.europa.eu\/odr<\/a><\/p>\n\n\n\n<p>Wir sind zur Teilnahme an einem Streitbeilegungsverfahren vor einer Verbraucherschlichtungsstelle weder verpflichtet noch bereit.<\/p>","protected":false},"excerpt":{"rendered":"<p>DECH Handels GmbHW\u00fcrzburger Str. 830880 LaatzenDeutschland Tel.: 015147758194E-Mail: info@dech-handels.de Registergericht: Amtsgericht HannoverRegisternummer: HRB 218296 Gesch\u00e4ftsf\u00fchrer: Yuanguo Zheng Umsatzsteuer-Identifikationsnummer gem\u00e4\u00df \u00a7 27 a Umsatzsteuergesetz: DE323834441 Plattform der EU-Kommission &#8230;<\/p>","protected":false},"author":134471,"featured_media":0,"parent":0,"menu_order":0,"comment_status":"closed","ping_status":"closed","template":"","meta":{"footnotes":""},"class_list":["post-431","page","type-page","status-publish","hentry"],"_links":{"self":[{"href":"https:\/\/dechhandels.com\/cn\/wp-json\/wp\/v2\/pages\/431","targetHints":{"allow":["GET"]}}],"collection":[{"href":"https:\/\/dechhandels.com\/cn\/wp-json\/wp\/v2\/pages"}],"about":[{"href":"https:\/\/dechhandels.com\/cn\/wp-json\/wp\/v2\/types\/page"}],"author":[{"embeddable":true,"href":"https:\/\/dechhandels.com\/cn\/wp-json\/wp\/v2\/users\/134471"}],"replies":[{"embeddable":true,"href":"https:\/\/dechhandels.com\/cn\/wp-json\/wp\/v2\/comments?post=431"}],"version-history":[{"count":2,"href":"https:\/\/dechhandels.com\/cn\/wp-json\/wp\/v2\/pages\/431\/revisions"}],"predecessor-version":[{"id":514,"href":"https:\/\/dechhandels.com\/cn\/wp-json\/wp\/v2\/pages\/431\/revisions\/514"}],"wp:attachment":[{"href":"https:\/\/dechhandels.com\/cn\/wp-json\/wp\/v2\/media?parent=431"}],"curies":[{"name":"wp","href":"https:\/\/api.w.org\/{rel}","templated":true}]}}